{"id":1345,"date":"2024-01-11T21:59:07","date_gmt":"2024-01-11T21:59:07","guid":{"rendered":"http:\/\/xponencia.ca\/?post_type=product&#038;p=1345"},"modified":"2024-02-19T18:03:41","modified_gmt":"2024-02-19T18:03:41","slug":"forfait-xsales","status":"publish","type":"product","link":"https:\/\/xponencia.ca\/en\/produit\/forfait-xsales\/","title":{"rendered":"Forfait XSales"},"content":{"rendered":"","protected":false},"excerpt":{"rendered":"<div class=\"fusion-text fusion-text-5\">\n<p>Formation compl\u00e8te r\u00e9partie sur 3 modules en quelque 70 capsules (plan de cours ci-apr\u00e8s). Vous avez acc\u00e8s \u00e0 la formation en quelques clics et vous pouvez l\u2019\u00e9couter d\u2019o\u00f9 vous voulez!<\/p>\n<\/div>\n<div class=\"fusion-text fusion-text-6\">\n<div class=\"fusion-li-item-content\">\n<p><a href=\"https:\/\/xponencia.ca\/wp-content\/uploads\/2023\/12\/Plan-de-cours-Xponencia.pdf\" target=\"_blank\" rel=\"noopener\">Cliquez ici pour voir le plan de cours<\/a><\/p>\n<\/div>\n<\/div>\n<div class=\"fusion-text fusion-text-7\">\n<p><strong>Bonus<\/strong><\/p>\n<ul>\n<li>Une heure de consultation personnalis\u00e9e.<\/li>\n<li>Podcast qui parle d\u2019exp\u00e9riences internationales et corporatives v\u00e9cues en ventes et d\u00e9veloppement des affaires.<\/li>\n<\/ul>\n<\/div>\n","protected":false},"featured_media":2485,"template":"","meta":[],"product_cat":[45],"product_tag":[],"class_list":{"0":"post-1345","1":"product","2":"type-product","3":"status-publish","4":"has-post-thumbnail","6":"product_cat-xsales","8":"first","9":"instock","10":"virtual","11":"sold-individually","12":"taxable","13":"purchasable","14":"product-type-course"},"yoast_head":"<!-- This site is optimized with the Yoast SEO plugin v23.1 - https:\/\/yoast.com\/wordpress\/plugins\/seo\/ -->\n<title>Forfait XSales - Xponencia<\/title>\n<meta name=\"description\" content=\"Formation compl\u00e8te r\u00e9partie sur 3 modules en quelque 70 capsules (plan de cours ci-apr\u00e8s).\" \/>\n<meta name=\"robots\" content=\"index, follow, max-snippet:-1, max-image-preview:large, max-video-preview:-1\" \/>\n<link rel=\"canonical\" href=\"https:\/\/xponencia.ca\/en\/produit\/forfait-xsales\/\" \/>\n<meta property=\"og:locale\" content=\"en_US\" \/>\n<meta property=\"og:type\" content=\"article\" \/>\n<meta property=\"og:title\" content=\"Forfait XSales - Xponencia\" \/>\n<meta property=\"og:description\" content=\"Formation compl\u00e8te r\u00e9partie sur 3 modules en quelque 70 capsules (plan de cours ci-apr\u00e8s).\" \/>\n<meta property=\"og:url\" content=\"https:\/\/xponencia.ca\/en\/produit\/forfait-xsales\/\" \/>\n<meta property=\"og:site_name\" content=\"Xponencia\" \/>\n<meta property=\"article:modified_time\" content=\"2024-02-19T18:03:41+00:00\" \/>\n<meta property=\"og:image\" content=\"https:\/\/xponencia.ca\/wp-content\/uploads\/2024\/02\/XSALES-opt.jpg\" \/>\n\t<meta property=\"og:image:width\" content=\"600\" \/>\n\t<meta property=\"og:image:height\" content=\"600\" \/>\n\t<meta property=\"og:image:type\" content=\"image\/jpeg\" \/>\n<meta name=\"twitter:card\" content=\"summary_large_image\" \/>\n<script type=\"application\/ld+json\" class=\"yoast-schema-graph\">{\"@context\":\"https:\/\/schema.org\",\"@graph\":[{\"@type\":\"WebPage\",\"@id\":\"https:\/\/xponencia.ca\/en\/produit\/forfait-xsales\/\",\"url\":\"https:\/\/xponencia.ca\/en\/produit\/forfait-xsales\/\",\"name\":\"Forfait XSales - Xponencia\",\"isPartOf\":{\"@id\":\"https:\/\/xponencia.ca\/en\/#website\"},\"primaryImageOfPage\":{\"@id\":\"https:\/\/xponencia.ca\/en\/produit\/forfait-xsales\/#primaryimage\"},\"image\":{\"@id\":\"https:\/\/xponencia.ca\/en\/produit\/forfait-xsales\/#primaryimage\"},\"thumbnailUrl\":\"https:\/\/xponencia.ca\/wp-content\/uploads\/2024\/02\/XSALES-opt.jpg\",\"datePublished\":\"2024-01-11T21:59:07+00:00\",\"dateModified\":\"2024-02-19T18:03:41+00:00\",\"description\":\"Formation compl\u00e8te r\u00e9partie sur 3 modules en quelque 70 capsules (plan de cours ci-apr\u00e8s).\",\"breadcrumb\":{\"@id\":\"https:\/\/xponencia.ca\/en\/produit\/forfait-xsales\/#breadcrumb\"},\"inLanguage\":\"en-US\",\"potentialAction\":[{\"@type\":\"ReadAction\",\"target\":[\"https:\/\/xponencia.ca\/en\/produit\/forfait-xsales\/\"]}]},{\"@type\":\"ImageObject\",\"inLanguage\":\"en-US\",\"@id\":\"https:\/\/xponencia.ca\/en\/produit\/forfait-xsales\/#primaryimage\",\"url\":\"https:\/\/xponencia.ca\/wp-content\/uploads\/2024\/02\/XSALES-opt.jpg\",\"contentUrl\":\"https:\/\/xponencia.ca\/wp-content\/uploads\/2024\/02\/XSALES-opt.jpg\",\"width\":600,\"height\":600},{\"@type\":\"BreadcrumbList\",\"@id\":\"https:\/\/xponencia.ca\/en\/produit\/forfait-xsales\/#breadcrumb\",\"itemListElement\":[{\"@type\":\"ListItem\",\"position\":1,\"name\":\"Accueil\",\"item\":\"https:\/\/xponencia.ca\/en\/\"},{\"@type\":\"ListItem\",\"position\":2,\"name\":\"Shop\",\"item\":\"https:\/\/xponencia.ca\/en\/shop\/\"},{\"@type\":\"ListItem\",\"position\":3,\"name\":\"Forfait XSales\"}]},{\"@type\":\"WebSite\",\"@id\":\"https:\/\/xponencia.ca\/en\/#website\",\"url\":\"https:\/\/xponencia.ca\/en\/\",\"name\":\"Xponencia\",\"description\":\"Nous propulsons vos ventes en cr\u00e9ant des solutions personnalis\u00e9es qui supportent votre mission unique.\",\"potentialAction\":[{\"@type\":\"SearchAction\",\"target\":{\"@type\":\"EntryPoint\",\"urlTemplate\":\"https:\/\/xponencia.ca\/en\/?s={search_term_string}\"},\"query-input\":\"required name=search_term_string\"}],\"inLanguage\":\"en-US\"}]}<\/script>\n<!-- \/ Yoast SEO plugin. -->","yoast_head_json":{"title":"Forfait XSales - Xponencia","description":"Formation compl\u00e8te r\u00e9partie sur 3 modules en quelque 70 capsules (plan de cours ci-apr\u00e8s).","robots":{"index":"index","follow":"follow","max-snippet":"max-snippet:-1","max-image-preview":"max-image-preview:large","max-video-preview":"max-video-preview:-1"},"canonical":"https:\/\/xponencia.ca\/en\/produit\/forfait-xsales\/","og_locale":"en_US","og_type":"article","og_title":"Forfait XSales - Xponencia","og_description":"Formation compl\u00e8te r\u00e9partie sur 3 modules en quelque 70 capsules (plan de cours ci-apr\u00e8s).","og_url":"https:\/\/xponencia.ca\/en\/produit\/forfait-xsales\/","og_site_name":"Xponencia","article_modified_time":"2024-02-19T18:03:41+00:00","og_image":[{"width":600,"height":600,"url":"https:\/\/xponencia.ca\/wp-content\/uploads\/2024\/02\/XSALES-opt.jpg","type":"image\/jpeg"}],"twitter_card":"summary_large_image","schema":{"@context":"https:\/\/schema.org","@graph":[{"@type":"WebPage","@id":"https:\/\/xponencia.ca\/en\/produit\/forfait-xsales\/","url":"https:\/\/xponencia.ca\/en\/produit\/forfait-xsales\/","name":"Forfait XSales - Xponencia","isPartOf":{"@id":"https:\/\/xponencia.ca\/en\/#website"},"primaryImageOfPage":{"@id":"https:\/\/xponencia.ca\/en\/produit\/forfait-xsales\/#primaryimage"},"image":{"@id":"https:\/\/xponencia.ca\/en\/produit\/forfait-xsales\/#primaryimage"},"thumbnailUrl":"https:\/\/xponencia.ca\/wp-content\/uploads\/2024\/02\/XSALES-opt.jpg","datePublished":"2024-01-11T21:59:07+00:00","dateModified":"2024-02-19T18:03:41+00:00","description":"Formation compl\u00e8te r\u00e9partie sur 3 modules en quelque 70 capsules (plan de cours ci-apr\u00e8s).","breadcrumb":{"@id":"https:\/\/xponencia.ca\/en\/produit\/forfait-xsales\/#breadcrumb"},"inLanguage":"en-US","potentialAction":[{"@type":"ReadAction","target":["https:\/\/xponencia.ca\/en\/produit\/forfait-xsales\/"]}]},{"@type":"ImageObject","inLanguage":"en-US","@id":"https:\/\/xponencia.ca\/en\/produit\/forfait-xsales\/#primaryimage","url":"https:\/\/xponencia.ca\/wp-content\/uploads\/2024\/02\/XSALES-opt.jpg","contentUrl":"https:\/\/xponencia.ca\/wp-content\/uploads\/2024\/02\/XSALES-opt.jpg","width":600,"height":600},{"@type":"BreadcrumbList","@id":"https:\/\/xponencia.ca\/en\/produit\/forfait-xsales\/#breadcrumb","itemListElement":[{"@type":"ListItem","position":1,"name":"Accueil","item":"https:\/\/xponencia.ca\/en\/"},{"@type":"ListItem","position":2,"name":"Shop","item":"https:\/\/xponencia.ca\/en\/shop\/"},{"@type":"ListItem","position":3,"name":"Forfait XSales"}]},{"@type":"WebSite","@id":"https:\/\/xponencia.ca\/en\/#website","url":"https:\/\/xponencia.ca\/en\/","name":"Xponencia","description":"Nous propulsons vos ventes en cr\u00e9ant des solutions personnalis\u00e9es qui supportent votre mission unique.","potentialAction":[{"@type":"SearchAction","target":{"@type":"EntryPoint","urlTemplate":"https:\/\/xponencia.ca\/en\/?s={search_term_string}"},"query-input":"required name=search_term_string"}],"inLanguage":"en-US"}]}},"_links":{"self":[{"href":"https:\/\/xponencia.ca\/en\/wp-json\/wp\/v2\/product\/1345"}],"collection":[{"href":"https:\/\/xponencia.ca\/en\/wp-json\/wp\/v2\/product"}],"about":[{"href":"https:\/\/xponencia.ca\/en\/wp-json\/wp\/v2\/types\/product"}],"wp:featuredmedia":[{"embeddable":true,"href":"https:\/\/xponencia.ca\/en\/wp-json\/wp\/v2\/media\/2485"}],"wp:attachment":[{"href":"https:\/\/xponencia.ca\/en\/wp-json\/wp\/v2\/media?parent=1345"}],"wp:term":[{"taxonomy":"product_cat","embeddable":true,"href":"https:\/\/xponencia.ca\/en\/wp-json\/wp\/v2\/product_cat?post=1345"},{"taxonomy":"product_tag","embeddable":true,"href":"https:\/\/xponencia.ca\/en\/wp-json\/wp\/v2\/product_tag?post=1345"}],"curies":[{"name":"wp","href":"https:\/\/api.w.org\/{rel}","templated":true}]}}