{"id":2192,"date":"2024-02-05T19:50:20","date_gmt":"2024-02-05T19:50:20","guid":{"rendered":"https:\/\/xponencia.ca\/?post_type=product&#038;p=2192"},"modified":"2024-02-19T17:57:18","modified_gmt":"2024-02-19T17:57:18","slug":"forfait-xsales-vip","status":"publish","type":"product","link":"https:\/\/xponencia.ca\/en\/produit\/forfait-xsales-vip\/","title":{"rendered":"Forfait XSales VIP"},"content":{"rendered":"","protected":false},"excerpt":{"rendered":"<div class=\"fusion-text fusion-text-8\">\n<ul>\n<li><strong>Forfait XSales + bonus\u00a0<\/strong>inclus.\n<ul>\n<li><strong><em>Empowerment\u00a0<\/em>(Savoir \u00eatre)<\/strong><\/li>\n<li><strong><em>Mindset\u00a0<\/em>(Savoir penser)<\/strong><\/li>\n<li><strong><em>Xponential<\/em><em>Sales<\/em> (Savoir vendre)<\/strong><\/li>\n<li><strong>23 outils \u00e9lectroniques modifiables<\/strong><\/li>\n<li>Une heure de consultation personnalis\u00e9e.<\/li>\n<li>Podcast qui parle d\u2019exp\u00e9riences internationales et corporatives v\u00e9cues en ventes et d\u00e9veloppement des affaires.<\/li>\n<\/ul>\n<\/li>\n<li><strong>Programme de 6 heures<\/strong>\u00a0<strong>de consultation personnalis\u00e9e priv\u00e9e<\/strong>\u00a0pour propulser vos ventes.<\/li>\n<\/ul>\n<\/div>\n","protected":false},"featured_media":2482,"template":"","meta":[],"product_cat":[45],"product_tag":[],"class_list":{"0":"post-2192","1":"product","2":"type-product","3":"status-publish","4":"has-post-thumbnail","6":"product_cat-xsales","8":"first","9":"instock","10":"virtual","11":"sold-individually","12":"taxable","13":"purchasable","14":"product-type-course"},"yoast_head":"<!-- This site is optimized with the Yoast SEO plugin v23.1 - https:\/\/yoast.com\/wordpress\/plugins\/seo\/ -->\n<title>Forfait XSales VIP - Xponencia<\/title>\n<meta name=\"robots\" content=\"index, follow, max-snippet:-1, max-image-preview:large, max-video-preview:-1\" \/>\n<link rel=\"canonical\" href=\"https:\/\/xponencia.ca\/en\/produit\/forfait-xsales-vip\/\" \/>\n<meta property=\"og:locale\" content=\"en_US\" \/>\n<meta property=\"og:type\" content=\"article\" \/>\n<meta property=\"og:title\" content=\"Forfait XSales VIP - Xponencia\" \/>\n<meta property=\"og:description\" content=\"Forfait XSales + bonus\u00a0inclus.   Empowerment\u00a0(Savoir \u00eatre)  Mindset\u00a0(Savoir penser)  XponentialSales (Savoir vendre)  23 outils \u00e9lectroniques modifiables  Une heure de consultation personnalis\u00e9e.  Podcast qui parle d\u2019exp\u00e9riences internationales et corporatives v\u00e9cues en ventes et d\u00e9veloppement des affaires.    Programme de 6 heures\u00a0de consultation personnalis\u00e9e priv\u00e9e\u00a0pour propulser vos ventes.\" \/>\n<meta property=\"og:url\" content=\"https:\/\/xponencia.ca\/en\/produit\/forfait-xsales-vip\/\" \/>\n<meta property=\"og:site_name\" content=\"Xponencia\" \/>\n<meta property=\"article:modified_time\" content=\"2024-02-19T17:57:18+00:00\" \/>\n<meta property=\"og:image\" content=\"https:\/\/xponencia.ca\/wp-content\/uploads\/2024\/02\/Xponencia-XSALES-VIP-opt.jpg\" \/>\n\t<meta property=\"og:image:width\" content=\"600\" \/>\n\t<meta property=\"og:image:height\" content=\"600\" \/>\n\t<meta property=\"og:image:type\" content=\"image\/jpeg\" \/>\n<meta name=\"twitter:card\" content=\"summary_large_image\" \/>\n<script type=\"application\/ld+json\" class=\"yoast-schema-graph\">{\"@context\":\"https:\/\/schema.org\",\"@graph\":[{\"@type\":\"WebPage\",\"@id\":\"https:\/\/xponencia.ca\/en\/produit\/forfait-xsales-vip\/\",\"url\":\"https:\/\/xponencia.ca\/en\/produit\/forfait-xsales-vip\/\",\"name\":\"Forfait XSales VIP - Xponencia\",\"isPartOf\":{\"@id\":\"https:\/\/xponencia.ca\/en\/#website\"},\"primaryImageOfPage\":{\"@id\":\"https:\/\/xponencia.ca\/en\/produit\/forfait-xsales-vip\/#primaryimage\"},\"image\":{\"@id\":\"https:\/\/xponencia.ca\/en\/produit\/forfait-xsales-vip\/#primaryimage\"},\"thumbnailUrl\":\"https:\/\/xponencia.ca\/wp-content\/uploads\/2024\/02\/Xponencia-XSALES-VIP-opt.jpg\",\"datePublished\":\"2024-02-05T19:50:20+00:00\",\"dateModified\":\"2024-02-19T17:57:18+00:00\",\"breadcrumb\":{\"@id\":\"https:\/\/xponencia.ca\/en\/produit\/forfait-xsales-vip\/#breadcrumb\"},\"inLanguage\":\"en-US\",\"potentialAction\":[{\"@type\":\"ReadAction\",\"target\":[\"https:\/\/xponencia.ca\/en\/produit\/forfait-xsales-vip\/\"]}]},{\"@type\":\"ImageObject\",\"inLanguage\":\"en-US\",\"@id\":\"https:\/\/xponencia.ca\/en\/produit\/forfait-xsales-vip\/#primaryimage\",\"url\":\"https:\/\/xponencia.ca\/wp-content\/uploads\/2024\/02\/Xponencia-XSALES-VIP-opt.jpg\",\"contentUrl\":\"https:\/\/xponencia.ca\/wp-content\/uploads\/2024\/02\/Xponencia-XSALES-VIP-opt.jpg\",\"width\":600,\"height\":600},{\"@type\":\"BreadcrumbList\",\"@id\":\"https:\/\/xponencia.ca\/en\/produit\/forfait-xsales-vip\/#breadcrumb\",\"itemListElement\":[{\"@type\":\"ListItem\",\"position\":1,\"name\":\"Accueil\",\"item\":\"https:\/\/xponencia.ca\/en\/\"},{\"@type\":\"ListItem\",\"position\":2,\"name\":\"Shop\",\"item\":\"https:\/\/xponencia.ca\/en\/shop\/\"},{\"@type\":\"ListItem\",\"position\":3,\"name\":\"Forfait XSales VIP\"}]},{\"@type\":\"WebSite\",\"@id\":\"https:\/\/xponencia.ca\/en\/#website\",\"url\":\"https:\/\/xponencia.ca\/en\/\",\"name\":\"Xponencia\",\"description\":\"Nous propulsons vos ventes en cr\u00e9ant des solutions personnalis\u00e9es qui supportent votre mission unique.\",\"potentialAction\":[{\"@type\":\"SearchAction\",\"target\":{\"@type\":\"EntryPoint\",\"urlTemplate\":\"https:\/\/xponencia.ca\/en\/?s={search_term_string}\"},\"query-input\":\"required name=search_term_string\"}],\"inLanguage\":\"en-US\"}]}<\/script>\n<!-- \/ Yoast SEO plugin. -->","yoast_head_json":{"title":"Forfait XSales VIP - Xponencia","robots":{"index":"index","follow":"follow","max-snippet":"max-snippet:-1","max-image-preview":"max-image-preview:large","max-video-preview":"max-video-preview:-1"},"canonical":"https:\/\/xponencia.ca\/en\/produit\/forfait-xsales-vip\/","og_locale":"en_US","og_type":"article","og_title":"Forfait XSales VIP - Xponencia","og_description":"Forfait XSales + bonus\u00a0inclus.   Empowerment\u00a0(Savoir \u00eatre)  Mindset\u00a0(Savoir penser)  XponentialSales (Savoir vendre)  23 outils \u00e9lectroniques modifiables  Une heure de consultation personnalis\u00e9e.  Podcast qui parle d\u2019exp\u00e9riences internationales et corporatives v\u00e9cues en ventes et d\u00e9veloppement des affaires.    Programme de 6 heures\u00a0de consultation personnalis\u00e9e priv\u00e9e\u00a0pour propulser vos ventes.","og_url":"https:\/\/xponencia.ca\/en\/produit\/forfait-xsales-vip\/","og_site_name":"Xponencia","article_modified_time":"2024-02-19T17:57:18+00:00","og_image":[{"width":600,"height":600,"url":"https:\/\/xponencia.ca\/wp-content\/uploads\/2024\/02\/Xponencia-XSALES-VIP-opt.jpg","type":"image\/jpeg"}],"twitter_card":"summary_large_image","schema":{"@context":"https:\/\/schema.org","@graph":[{"@type":"WebPage","@id":"https:\/\/xponencia.ca\/en\/produit\/forfait-xsales-vip\/","url":"https:\/\/xponencia.ca\/en\/produit\/forfait-xsales-vip\/","name":"Forfait XSales VIP - Xponencia","isPartOf":{"@id":"https:\/\/xponencia.ca\/en\/#website"},"primaryImageOfPage":{"@id":"https:\/\/xponencia.ca\/en\/produit\/forfait-xsales-vip\/#primaryimage"},"image":{"@id":"https:\/\/xponencia.ca\/en\/produit\/forfait-xsales-vip\/#primaryimage"},"thumbnailUrl":"https:\/\/xponencia.ca\/wp-content\/uploads\/2024\/02\/Xponencia-XSALES-VIP-opt.jpg","datePublished":"2024-02-05T19:50:20+00:00","dateModified":"2024-02-19T17:57:18+00:00","breadcrumb":{"@id":"https:\/\/xponencia.ca\/en\/produit\/forfait-xsales-vip\/#breadcrumb"},"inLanguage":"en-US","potentialAction":[{"@type":"ReadAction","target":["https:\/\/xponencia.ca\/en\/produit\/forfait-xsales-vip\/"]}]},{"@type":"ImageObject","inLanguage":"en-US","@id":"https:\/\/xponencia.ca\/en\/produit\/forfait-xsales-vip\/#primaryimage","url":"https:\/\/xponencia.ca\/wp-content\/uploads\/2024\/02\/Xponencia-XSALES-VIP-opt.jpg","contentUrl":"https:\/\/xponencia.ca\/wp-content\/uploads\/2024\/02\/Xponencia-XSALES-VIP-opt.jpg","width":600,"height":600},{"@type":"BreadcrumbList","@id":"https:\/\/xponencia.ca\/en\/produit\/forfait-xsales-vip\/#breadcrumb","itemListElement":[{"@type":"ListItem","position":1,"name":"Accueil","item":"https:\/\/xponencia.ca\/en\/"},{"@type":"ListItem","position":2,"name":"Shop","item":"https:\/\/xponencia.ca\/en\/shop\/"},{"@type":"ListItem","position":3,"name":"Forfait XSales VIP"}]},{"@type":"WebSite","@id":"https:\/\/xponencia.ca\/en\/#website","url":"https:\/\/xponencia.ca\/en\/","name":"Xponencia","description":"Nous propulsons vos ventes en cr\u00e9ant des solutions personnalis\u00e9es qui supportent votre mission unique.","potentialAction":[{"@type":"SearchAction","target":{"@type":"EntryPoint","urlTemplate":"https:\/\/xponencia.ca\/en\/?s={search_term_string}"},"query-input":"required name=search_term_string"}],"inLanguage":"en-US"}]}},"_links":{"self":[{"href":"https:\/\/xponencia.ca\/en\/wp-json\/wp\/v2\/product\/2192"}],"collection":[{"href":"https:\/\/xponencia.ca\/en\/wp-json\/wp\/v2\/product"}],"about":[{"href":"https:\/\/xponencia.ca\/en\/wp-json\/wp\/v2\/types\/product"}],"wp:featuredmedia":[{"embeddable":true,"href":"https:\/\/xponencia.ca\/en\/wp-json\/wp\/v2\/media\/2482"}],"wp:attachment":[{"href":"https:\/\/xponencia.ca\/en\/wp-json\/wp\/v2\/media?parent=2192"}],"wp:term":[{"taxonomy":"product_cat","embeddable":true,"href":"https:\/\/xponencia.ca\/en\/wp-json\/wp\/v2\/product_cat?post=2192"},{"taxonomy":"product_tag","embeddable":true,"href":"https:\/\/xponencia.ca\/en\/wp-json\/wp\/v2\/product_tag?post=2192"}],"curies":[{"name":"wp","href":"https:\/\/api.w.org\/{rel}","templated":true}]}}