{"id":2293,"date":"2024-02-06T00:07:03","date_gmt":"2024-02-06T00:07:03","guid":{"rendered":"https:\/\/xponencia.ca\/?post_type=product&#038;p=2293"},"modified":"2024-02-19T17:48:27","modified_gmt":"2024-02-19T17:48:27","slug":"forfait-investir-au-mexique","status":"publish","type":"product","link":"https:\/\/xponencia.ca\/en\/produit\/forfait-investir-au-mexique\/","title":{"rendered":"Forfait Investir au Mexique"},"content":{"rendered":"","protected":false},"excerpt":{"rendered":"<p>Voici une formation qui vous permettra de comprendre les rouages de l\u2019investissement au Mexique !<\/p>\n<p>Nous aborderons les th\u00e8mes suivants :<\/p>\n<ul>\n<li>Quoi savoir avant d\u2019investir au Mexique<\/li>\n<li>Les \u00e9tapes pour acheter une propri\u00e9t\u00e9 au Mexique<\/li>\n<li>La location court terme<\/li>\n<li>L\u2019int\u00e9gration au Mexique<\/li>\n<\/ul>\n<p>C\u2019est LA formation dont vous avez besoin pour rentabiliser votre investissement et comprendre concr\u00e8tement comment r\u00e9aliser votre r\u00eave de d\u00e9tenir une propri\u00e9t\u00e9 au Mexique.<\/p>\n","protected":false},"featured_media":2476,"template":"","meta":[],"product_cat":[45],"product_tag":[],"class_list":{"0":"post-2293","1":"product","2":"type-product","3":"status-publish","4":"has-post-thumbnail","6":"product_cat-xsales","8":"first","9":"instock","10":"virtual","11":"sold-individually","12":"taxable","13":"purchasable","14":"product-type-course"},"yoast_head":"<!-- This site is optimized with the Yoast SEO plugin v23.1 - https:\/\/yoast.com\/wordpress\/plugins\/seo\/ -->\n<title>Forfait Investir au Mexique - Xponencia<\/title>\n<meta name=\"robots\" content=\"index, follow, max-snippet:-1, max-image-preview:large, max-video-preview:-1\" \/>\n<link rel=\"canonical\" href=\"https:\/\/xponencia.ca\/en\/produit\/forfait-investir-au-mexique\/\" \/>\n<meta property=\"og:locale\" content=\"en_US\" \/>\n<meta property=\"og:type\" content=\"article\" \/>\n<meta property=\"og:title\" content=\"Forfait Investir au Mexique - Xponencia\" \/>\n<meta property=\"og:description\" content=\"Voici une formation qui vous permettra de comprendre les rouages de l\u2019investissement au Mexique !  Nous aborderons les th\u00e8mes suivants :   Quoi savoir avant d\u2019investir au Mexique  Les \u00e9tapes pour acheter une propri\u00e9t\u00e9 au Mexique  La location court terme  L\u2019int\u00e9gration au Mexique  C\u2019est LA formation dont vous avez besoin pour rentabiliser votre investissement et comprendre concr\u00e8tement comment r\u00e9aliser votre r\u00eave de d\u00e9tenir une propri\u00e9t\u00e9 au Mexique.\" \/>\n<meta property=\"og:url\" content=\"https:\/\/xponencia.ca\/en\/produit\/forfait-investir-au-mexique\/\" \/>\n<meta property=\"og:site_name\" content=\"Xponencia\" \/>\n<meta property=\"article:modified_time\" content=\"2024-02-19T17:48:27+00:00\" \/>\n<meta property=\"og:image\" content=\"https:\/\/xponencia.ca\/wp-content\/uploads\/2024\/02\/Investir-au-mexique-opt.jpg\" \/>\n\t<meta property=\"og:image:width\" content=\"600\" \/>\n\t<meta property=\"og:image:height\" content=\"600\" \/>\n\t<meta property=\"og:image:type\" content=\"image\/jpeg\" \/>\n<meta name=\"twitter:card\" content=\"summary_large_image\" \/>\n<meta name=\"twitter:label1\" content=\"Est. reading time\" \/>\n\t<meta name=\"twitter:data1\" content=\"1 minute\" \/>\n<script type=\"application\/ld+json\" class=\"yoast-schema-graph\">{\"@context\":\"https:\/\/schema.org\",\"@graph\":[{\"@type\":\"WebPage\",\"@id\":\"https:\/\/xponencia.ca\/en\/produit\/forfait-investir-au-mexique\/\",\"url\":\"https:\/\/xponencia.ca\/en\/produit\/forfait-investir-au-mexique\/\",\"name\":\"Forfait Investir au Mexique - Xponencia\",\"isPartOf\":{\"@id\":\"https:\/\/xponencia.ca\/en\/#website\"},\"primaryImageOfPage\":{\"@id\":\"https:\/\/xponencia.ca\/en\/produit\/forfait-investir-au-mexique\/#primaryimage\"},\"image\":{\"@id\":\"https:\/\/xponencia.ca\/en\/produit\/forfait-investir-au-mexique\/#primaryimage\"},\"thumbnailUrl\":\"https:\/\/xponencia.ca\/wp-content\/uploads\/2024\/02\/Investir-au-mexique-opt.jpg\",\"datePublished\":\"2024-02-06T00:07:03+00:00\",\"dateModified\":\"2024-02-19T17:48:27+00:00\",\"breadcrumb\":{\"@id\":\"https:\/\/xponencia.ca\/en\/produit\/forfait-investir-au-mexique\/#breadcrumb\"},\"inLanguage\":\"en-US\",\"potentialAction\":[{\"@type\":\"ReadAction\",\"target\":[\"https:\/\/xponencia.ca\/en\/produit\/forfait-investir-au-mexique\/\"]}]},{\"@type\":\"ImageObject\",\"inLanguage\":\"en-US\",\"@id\":\"https:\/\/xponencia.ca\/en\/produit\/forfait-investir-au-mexique\/#primaryimage\",\"url\":\"https:\/\/xponencia.ca\/wp-content\/uploads\/2024\/02\/Investir-au-mexique-opt.jpg\",\"contentUrl\":\"https:\/\/xponencia.ca\/wp-content\/uploads\/2024\/02\/Investir-au-mexique-opt.jpg\",\"width\":600,\"height\":600},{\"@type\":\"BreadcrumbList\",\"@id\":\"https:\/\/xponencia.ca\/en\/produit\/forfait-investir-au-mexique\/#breadcrumb\",\"itemListElement\":[{\"@type\":\"ListItem\",\"position\":1,\"name\":\"Accueil\",\"item\":\"https:\/\/xponencia.ca\/en\/\"},{\"@type\":\"ListItem\",\"position\":2,\"name\":\"Shop\",\"item\":\"https:\/\/xponencia.ca\/en\/shop\/\"},{\"@type\":\"ListItem\",\"position\":3,\"name\":\"Forfait Investir au Mexique\"}]},{\"@type\":\"WebSite\",\"@id\":\"https:\/\/xponencia.ca\/en\/#website\",\"url\":\"https:\/\/xponencia.ca\/en\/\",\"name\":\"Xponencia\",\"description\":\"Nous propulsons vos ventes en cr\u00e9ant des solutions personnalis\u00e9es qui supportent votre mission unique.\",\"potentialAction\":[{\"@type\":\"SearchAction\",\"target\":{\"@type\":\"EntryPoint\",\"urlTemplate\":\"https:\/\/xponencia.ca\/en\/?s={search_term_string}\"},\"query-input\":\"required name=search_term_string\"}],\"inLanguage\":\"en-US\"}]}<\/script>\n<!-- \/ Yoast SEO plugin. -->","yoast_head_json":{"title":"Forfait Investir au Mexique - Xponencia","robots":{"index":"index","follow":"follow","max-snippet":"max-snippet:-1","max-image-preview":"max-image-preview:large","max-video-preview":"max-video-preview:-1"},"canonical":"https:\/\/xponencia.ca\/en\/produit\/forfait-investir-au-mexique\/","og_locale":"en_US","og_type":"article","og_title":"Forfait Investir au Mexique - Xponencia","og_description":"Voici une formation qui vous permettra de comprendre les rouages de l\u2019investissement au Mexique !  Nous aborderons les th\u00e8mes suivants :   Quoi savoir avant d\u2019investir au Mexique  Les \u00e9tapes pour acheter une propri\u00e9t\u00e9 au Mexique  La location court terme  L\u2019int\u00e9gration au Mexique  C\u2019est LA formation dont vous avez besoin pour rentabiliser votre investissement et comprendre concr\u00e8tement comment r\u00e9aliser votre r\u00eave de d\u00e9tenir une propri\u00e9t\u00e9 au Mexique.","og_url":"https:\/\/xponencia.ca\/en\/produit\/forfait-investir-au-mexique\/","og_site_name":"Xponencia","article_modified_time":"2024-02-19T17:48:27+00:00","og_image":[{"width":600,"height":600,"url":"https:\/\/xponencia.ca\/wp-content\/uploads\/2024\/02\/Investir-au-mexique-opt.jpg","type":"image\/jpeg"}],"twitter_card":"summary_large_image","twitter_misc":{"Est. reading time":"1 minute"},"schema":{"@context":"https:\/\/schema.org","@graph":[{"@type":"WebPage","@id":"https:\/\/xponencia.ca\/en\/produit\/forfait-investir-au-mexique\/","url":"https:\/\/xponencia.ca\/en\/produit\/forfait-investir-au-mexique\/","name":"Forfait Investir au Mexique - Xponencia","isPartOf":{"@id":"https:\/\/xponencia.ca\/en\/#website"},"primaryImageOfPage":{"@id":"https:\/\/xponencia.ca\/en\/produit\/forfait-investir-au-mexique\/#primaryimage"},"image":{"@id":"https:\/\/xponencia.ca\/en\/produit\/forfait-investir-au-mexique\/#primaryimage"},"thumbnailUrl":"https:\/\/xponencia.ca\/wp-content\/uploads\/2024\/02\/Investir-au-mexique-opt.jpg","datePublished":"2024-02-06T00:07:03+00:00","dateModified":"2024-02-19T17:48:27+00:00","breadcrumb":{"@id":"https:\/\/xponencia.ca\/en\/produit\/forfait-investir-au-mexique\/#breadcrumb"},"inLanguage":"en-US","potentialAction":[{"@type":"ReadAction","target":["https:\/\/xponencia.ca\/en\/produit\/forfait-investir-au-mexique\/"]}]},{"@type":"ImageObject","inLanguage":"en-US","@id":"https:\/\/xponencia.ca\/en\/produit\/forfait-investir-au-mexique\/#primaryimage","url":"https:\/\/xponencia.ca\/wp-content\/uploads\/2024\/02\/Investir-au-mexique-opt.jpg","contentUrl":"https:\/\/xponencia.ca\/wp-content\/uploads\/2024\/02\/Investir-au-mexique-opt.jpg","width":600,"height":600},{"@type":"BreadcrumbList","@id":"https:\/\/xponencia.ca\/en\/produit\/forfait-investir-au-mexique\/#breadcrumb","itemListElement":[{"@type":"ListItem","position":1,"name":"Accueil","item":"https:\/\/xponencia.ca\/en\/"},{"@type":"ListItem","position":2,"name":"Shop","item":"https:\/\/xponencia.ca\/en\/shop\/"},{"@type":"ListItem","position":3,"name":"Forfait Investir au Mexique"}]},{"@type":"WebSite","@id":"https:\/\/xponencia.ca\/en\/#website","url":"https:\/\/xponencia.ca\/en\/","name":"Xponencia","description":"Nous propulsons vos ventes en cr\u00e9ant des solutions personnalis\u00e9es qui supportent votre mission unique.","potentialAction":[{"@type":"SearchAction","target":{"@type":"EntryPoint","urlTemplate":"https:\/\/xponencia.ca\/en\/?s={search_term_string}"},"query-input":"required name=search_term_string"}],"inLanguage":"en-US"}]}},"_links":{"self":[{"href":"https:\/\/xponencia.ca\/en\/wp-json\/wp\/v2\/product\/2293"}],"collection":[{"href":"https:\/\/xponencia.ca\/en\/wp-json\/wp\/v2\/product"}],"about":[{"href":"https:\/\/xponencia.ca\/en\/wp-json\/wp\/v2\/types\/product"}],"wp:featuredmedia":[{"embeddable":true,"href":"https:\/\/xponencia.ca\/en\/wp-json\/wp\/v2\/media\/2476"}],"wp:attachment":[{"href":"https:\/\/xponencia.ca\/en\/wp-json\/wp\/v2\/media?parent=2293"}],"wp:term":[{"taxonomy":"product_cat","embeddable":true,"href":"https:\/\/xponencia.ca\/en\/wp-json\/wp\/v2\/product_cat?post=2293"},{"taxonomy":"product_tag","embeddable":true,"href":"https:\/\/xponencia.ca\/en\/wp-json\/wp\/v2\/product_tag?post=2293"}],"curies":[{"name":"wp","href":"https:\/\/api.w.org\/{rel}","templated":true}]}}