{"id":2439,"date":"2023-11-15T04:20:33","date_gmt":"2023-11-15T04:20:33","guid":{"rendered":"https:\/\/xponencia.ca\/xponencia-nuestro-equipo\/"},"modified":"2024-02-07T11:45:10","modified_gmt":"2024-02-07T11:45:10","slug":"xponencia-nuestro-equipo","status":"publish","type":"page","link":"https:\/\/xponencia.ca\/es\/xponencia-nuestro-equipo\/","title":{"rendered":"Xponencia | Nuestro Equipo"},"content":{"rendered":"<p><div class=\"fusion-fullwidth fullwidth-box fusion-builder-row-1 fusion-flex-container has-pattern-background has-mask-background fusion-parallax-none hundred-percent-fullwidth non-hundred-percent-height-scrolling lazyload\" style=\"--awb-background-position:right top;--awb-border-radius-top-left:0px;--awb-border-radius-top-right:0px;--awb-border-radius-bottom-right:0px;--awb-border-radius-bottom-left:0px;--awb-padding-top:90px;--awb-padding-bottom:50px;--awb-margin-top:0px;--awb-background-color:#f4f4f4;--awb-background-size:;--awb-flex-wrap:wrap;\" data-bg=\"http:\/\/xponencia.ca\/wp-content\/uploads\/2023\/11\/VB-74-400x400.png\" ><div class=\"fusion-builder-row fusion-row fusion-flex-align-items-flex-start fusion-flex-content-wrap\" style=\"width:104% !important;max-width:104% !important;margin-left: calc(-4% \/ 2 );margin-right: calc(-4% \/ 2 );\"><div class=\"fusion-layout-column fusion_builder_column fusion-builder-column-0 fusion_builder_column_2_3 2_3 fusion-flex-column fusion-animated\" style=\"--awb-padding-top-medium:39px;--awb-padding-right-medium:0px;--awb-padding-bottom-medium:27px;--awb-bg-size:cover;--awb-width-large:66.666666666667%;--awb-margin-top-large:0px;--awb-spacing-right-large:2.88%;--awb-margin-bottom-large:20px;--awb-spacing-left-large:2.88%;--awb-width-medium:80%;--awb-order-medium:0;--awb-spacing-right-medium:2.4%;--awb-spacing-left-medium:2.4%;--awb-width-small:100%;--awb-order-small:0;--awb-spacing-right-small:1.92%;--awb-spacing-left-small:1.92%;\" data-animationType=\"fadeInUp\" data-animationDuration=\"1.0\" data-animationOffset=\"top-into-view\" data-scroll-devices=\"small-visibility,medium-visibility,large-visibility\"><div class=\"fusion-column-wrapper fusion-column-has-shadow fusion-flex-justify-content-flex-start fusion-content-layout-column\"><div class=\"fusion-title title fusion-title-1 fusion-sep-none fusion-title-text fusion-title-size-two\" style=\"--awb-text-color:var(--awb-color5);--awb-font-size:40px;\"><h2 class=\"fusion-title-heading title-heading-left md-text-align-center sm-text-align-center fusion-responsive-typography-calculated\" style=\"margin:0;font-size:1em;--fontSize:40;line-height:1.16;\">Nuestro Equipo<\/h2><\/div><div class=\"fusion-text fusion-text-1\" style=\"--awb-content-alignment:center;--awb-font-size:25px;--awb-line-height:var(--awb-typography2-line-height);--awb-letter-spacing:var(--awb-typography2-letter-spacing);--awb-text-transform:var(--awb-typography2-text-transform);--awb-text-font-family:var(--awb-typography2-font-family);--awb-text-font-weight:var(--awb-typography2-font-weight);--awb-text-font-style:var(--awb-typography2-font-style);\"><p style=\"text-align: left;\">Xponencia est\u00e1 conformado por un equipo de especialistas que ayudan a impulsar sus ventas mediante la creaci\u00f3n de soluciones personalizadas que respaldan su misi\u00f3n \u00fanica.<\/p>\n<\/div><div class=\"fusion-separator fusion-full-width-sep\" style=\"align-self: flex-start;margin-right:auto;margin-top:15px;margin-bottom:15px;width:100%;\"><div class=\"fusion-separator-border sep-single sep-solid\" style=\"--awb-height:20px;--awb-amount:20px;--awb-sep-color:var(--awb-color5);border-color:var(--awb-color5);border-top-width:1px;\"><\/div><\/div><\/div><\/div><\/div><\/div><div class=\"fusion-fullwidth fullwidth-box fusion-builder-row-2 fusion-flex-container has-pattern-background has-mask-background fusion-parallax-none hundred-percent-fullwidth non-hundred-percent-height-scrolling lazyload\" style=\"--awb-border-radius-top-left:0px;--awb-border-radius-top-right:0px;--awb-border-radius-bottom-right:0px;--awb-border-radius-bottom-left:0px;--awb-padding-top:80px;--awb-padding-right:5%;--awb-padding-bottom:80px;--awb-padding-left:5%;--awb-background-color:hsla(var(--awb-color1-h),var(--awb-color1-s),var(--awb-color1-l),calc(var(--awb-color1-a) - 97%));--awb-background-size:cover;--awb-flex-wrap:wrap;\" data-bg=\"http:\/\/xponencia.ca\/wp-content\/uploads\/2023\/11\/VB_1-1.png\" ><div class=\"fusion-builder-row fusion-row fusion-flex-align-items-stretch fusion-flex-justify-content-center fusion-flex-content-wrap\" style=\"width:104% !important;max-width:104% !important;margin-left: calc(-4% \/ 2 );margin-right: calc(-4% \/ 2 );\"><div class=\"fusion-layout-column fusion_builder_column fusion-builder-column-1 fusion_builder_column_1_4 1_4 fusion-flex-column fusion-no-small-visibility fusion-no-medium-visibility fusion-column-inner-bg-wrapper fusion-column-hover-type-liftup fusion-column-liftup-border fusion-animated\" style=\"--awb-padding-top:20px;--awb-padding-right:15px;--awb-padding-bottom:20px;--awb-padding-left:15px;--awb-overflow:hidden;--awb-inner-bg-size:cover;--awb-border-color:var(--awb-color6);--awb-inner-border-color:var(--awb-color6);--awb-border-color-hover:var(--awb-custom_color_1);--awb-inner-border-color-hover:var(--awb-custom_color_1);--awb-border-style:solid;--awb-inner-border-style:solid;--awb-border-radius:8px 8px 8px 8px;--awb-liftup-border-radius:8px 8px 8px 8px;--awb-width-large:25%;--awb-margin-top-large:0px;--awb-spacing-right-large:7.68%;--awb-margin-bottom-large:20px;--awb-spacing-left-large:7.68%;--awb-width-medium:25%;--awb-order-medium:0;--awb-spacing-right-medium:7.68%;--awb-spacing-left-medium:7.68%;--awb-width-small:100%;--awb-order-small:0;--awb-spacing-right-small:1.92%;--awb-spacing-left-small:1.92%;\" data-animationType=\"fadeInUp\" data-animationDuration=\"1.0\" data-animationOffset=\"top-into-view\" data-scroll-devices=\"small-visibility,medium-visibility,large-visibility\"><span class=\"fusion-column-inner-bg hover-type-liftup\"><span class=\"fusion-column-anchor\"><span class=\"fusion-column-inner-bg-image\"><\/span><\/span><\/span><div class=\"fusion-column-wrapper fusion-flex-justify-content-space-between fusion-content-layout-column\"><\/div><\/div><div class=\"fusion-layout-column fusion_builder_column fusion-builder-column-2 fusion_builder_column_1_4 1_4 fusion-flex-column fusion-column-inner-bg-wrapper fusion-column-hover-type-liftup fusion-column-liftup-border fusion-animated\" style=\"--awb-padding-top:20px;--awb-padding-right:15px;--awb-padding-bottom:20px;--awb-padding-left:15px;--awb-overflow:hidden;--awb-inner-bg-color:#ffffff;--awb-inner-bg-color-hover:#ffffff;--awb-inner-bg-size:cover;--awb-border-color:var(--awb-color6);--awb-inner-border-color:var(--awb-color6);--awb-border-color-hover:var(--awb-custom_color_1);--awb-inner-border-color-hover:var(--awb-custom_color_1);--awb-border-top:1px;--awb-inner-border-top:1px;--awb-border-right:1px;--awb-inner-border-right:1px;--awb-border-bottom:1px;--awb-inner-border-bottom:1px;--awb-border-left:1px;--awb-inner-border-left:1px;--awb-border-style:solid;--awb-inner-border-style:solid;--awb-border-radius:8px 8px 8px 8px;--awb-liftup-border-radius:8px 8px 8px 8px;--awb-width-large:25%;--awb-margin-top-large:0px;--awb-spacing-right-large:7.68%;--awb-margin-bottom-large:20px;--awb-spacing-left-large:7.68%;--awb-width-medium:25%;--awb-order-medium:0;--awb-spacing-right-medium:7.68%;--awb-spacing-left-medium:7.68%;--awb-width-small:100%;--awb-order-small:0;--awb-spacing-right-small:1.92%;--awb-spacing-left-small:1.92%;\" data-animationType=\"fadeInUp\" data-animationDuration=\"1.0\" data-animationOffset=\"top-into-view\" data-scroll-devices=\"small-visibility,medium-visibility,large-visibility\"><span class=\"fusion-column-inner-bg hover-type-liftup\"><span class=\"fusion-column-anchor\"><span class=\"fusion-column-inner-bg-image\"><\/span><\/span><\/span><div class=\"fusion-column-wrapper fusion-flex-justify-content-space-evenly fusion-content-layout-column\"><div class=\"fusion-image-element \" style=\"--awb-caption-title-font-family:var(--h2_typography-font-family);--awb-caption-title-font-weight:var(--h2_typography-font-weight);--awb-caption-title-font-style:var(--h2_typography-font-style);--awb-caption-title-size:var(--h2_typography-font-size);--awb-caption-title-transform:var(--h2_typography-text-transform);--awb-caption-title-line-height:var(--h2_typography-line-height);--awb-caption-title-letter-spacing:var(--h2_typography-letter-spacing);\"><span class=\" fusion-imageframe imageframe-none imageframe-1 hover-type-none\" style=\"border-radius:8px;\"><img decoding=\"async\" width=\"450\" height=\"448\" title=\"Val\u00e9rie-Bouchard\" src=\"https:\/\/xponencia.ca\/wp-content\/uploads\/2023\/11\/Valerie-Bouchard.jpg\" data-orig-src=\"http:\/\/xponencia.ca\/wp-content\/uploads\/2023\/11\/Valerie-Bouchard.jpg\" alt class=\"lazyload img-responsive wp-image-1867\" srcset=\"data:image\/svg+xml,%3Csvg%20xmlns%3D%27http%3A%2F%2Fwww.w3.org%2F2000%2Fsvg%27%20width%3D%27450%27%20height%3D%27448%27%20viewBox%3D%270%200%20450%20448%27%3E%3Crect%20width%3D%27450%27%20height%3D%27448%27%20fill-opacity%3D%220%22%2F%3E%3C%2Fsvg%3E\" data-srcset=\"https:\/\/xponencia.ca\/wp-content\/uploads\/2023\/11\/Valerie-Bouchard-200x199.jpg 200w, https:\/\/xponencia.ca\/wp-content\/uploads\/2023\/11\/Valerie-Bouchard-400x398.jpg 400w, https:\/\/xponencia.ca\/wp-content\/uploads\/2023\/11\/Valerie-Bouchard.jpg 450w\" data-sizes=\"auto\" data-orig-sizes=\"(max-width: 640px) 100vw, 400px\" \/><\/span><\/div><div class=\"fusion-title title fusion-title-2 fusion-sep-none fusion-title-center fusion-title-text fusion-title-size-two\" style=\"--awb-text-color:var(--awb-color6);--awb-margin-top:20px;--awb-font-size:30px;\"><h2 class=\"fusion-title-heading title-heading-center fusion-responsive-typography-calculated\" style=\"margin:0;font-size:1em;--fontSize:30;line-height:1.16;\">Val\u00e9rie Bouchard<\/h2><\/div><div class=\"fusion-separator\" style=\"align-self: center;margin-left: auto;margin-right: auto;margin-bottom:20px;width:100%;max-width:70%;\"><div class=\"fusion-separator-border sep-single sep-solid\" style=\"--awb-height:20px;--awb-amount:20px;--awb-sep-color:var(--awb-color2);border-color:var(--awb-color2);border-top-width:1px;\"><\/div><\/div><div class=\"fusion-text fusion-text-2 fusion-text-no-margin\" style=\"--awb-content-alignment:center;--awb-font-size:17px;--awb-letter-spacing:var(--awb-typography2-letter-spacing);--awb-text-transform:var(--awb-typography2-text-transform);--awb-text-color:var(--awb-color5);--awb-margin-bottom:20px;--awb-text-font-family:var(--awb-typography2-font-family);--awb-text-font-weight:var(--awb-typography2-font-weight);--awb-text-font-style:var(--awb-typography2-font-style);\"><p>ESTRATEGIA DE VENTAS Y FUNDADORA DE DESARROLLO EMPRESARIAL XPONENCIA<\/p>\n<\/div><\/div><\/div><div class=\"fusion-layout-column fusion_builder_column fusion-builder-column-3 fusion_builder_column_1_4 1_4 fusion-flex-column fusion-flex-align-self-flex-start fusion-column-inner-bg-wrapper fusion-column-hover-type-liftup fusion-column-liftup-border fusion-animated\" style=\"--awb-padding-top:20px;--awb-padding-right:15px;--awb-padding-bottom:20px;--awb-padding-left:15px;--awb-overflow:hidden;--awb-inner-bg-color:#ffffff;--awb-inner-bg-color-hover:#ffffff;--awb-inner-bg-size:cover;--awb-border-color:var(--awb-color6);--awb-inner-border-color:var(--awb-color6);--awb-border-color-hover:var(--awb-custom_color_1);--awb-inner-border-color-hover:var(--awb-custom_color_1);--awb-border-top:1px;--awb-inner-border-top:1px;--awb-border-right:1px;--awb-inner-border-right:1px;--awb-border-bottom:1px;--awb-inner-border-bottom:1px;--awb-border-left:1px;--awb-inner-border-left:1px;--awb-border-style:solid;--awb-inner-border-style:solid;--awb-border-radius:8px 8px 8px 8px;--awb-liftup-border-radius:8px 8px 8px 8px;--awb-width-large:25%;--awb-margin-top-large:0px;--awb-spacing-right-large:7.68%;--awb-margin-bottom-large:20px;--awb-spacing-left-large:7.68%;--awb-width-medium:25%;--awb-order-medium:0;--awb-spacing-right-medium:7.68%;--awb-spacing-left-medium:7.68%;--awb-width-small:100%;--awb-order-small:0;--awb-spacing-right-small:1.92%;--awb-spacing-left-small:1.92%;\" data-animationType=\"fadeInUp\" data-animationDuration=\"1.0\" data-animationOffset=\"top-into-view\" data-scroll-devices=\"small-visibility,medium-visibility,large-visibility\"><span class=\"fusion-column-inner-bg hover-type-liftup\"><span class=\"fusion-column-anchor\"><span class=\"fusion-column-inner-bg-image\"><\/span><\/span><\/span><div class=\"fusion-column-wrapper fusion-flex-justify-content-space-evenly fusion-content-layout-column\"><div class=\"fusion-image-element \" style=\"--awb-caption-title-font-family:var(--h2_typography-font-family);--awb-caption-title-font-weight:var(--h2_typography-font-weight);--awb-caption-title-font-style:var(--h2_typography-font-style);--awb-caption-title-size:var(--h2_typography-font-size);--awb-caption-title-transform:var(--h2_typography-text-transform);--awb-caption-title-line-height:var(--h2_typography-line-height);--awb-caption-title-letter-spacing:var(--h2_typography-letter-spacing);\"><span class=\" fusion-imageframe imageframe-none imageframe-2 hover-type-none\" style=\"border-radius:8px;\"><img decoding=\"async\" width=\"450\" height=\"448\" title=\"Danika-Michel-profile\" src=\"https:\/\/xponencia.ca\/wp-content\/uploads\/2023\/12\/Danika-Michel-profile.jpg\" data-orig-src=\"http:\/\/xponencia.ca\/wp-content\/uploads\/2023\/12\/Danika-Michel-profile.jpg\" alt class=\"lazyload img-responsive wp-image-1873\" srcset=\"data:image\/svg+xml,%3Csvg%20xmlns%3D%27http%3A%2F%2Fwww.w3.org%2F2000%2Fsvg%27%20width%3D%27450%27%20height%3D%27448%27%20viewBox%3D%270%200%20450%20448%27%3E%3Crect%20width%3D%27450%27%20height%3D%27448%27%20fill-opacity%3D%220%22%2F%3E%3C%2Fsvg%3E\" data-srcset=\"https:\/\/xponencia.ca\/wp-content\/uploads\/2023\/12\/Danika-Michel-profile-200x199.jpg 200w, https:\/\/xponencia.ca\/wp-content\/uploads\/2023\/12\/Danika-Michel-profile-400x398.jpg 400w, https:\/\/xponencia.ca\/wp-content\/uploads\/2023\/12\/Danika-Michel-profile.jpg 450w\" data-sizes=\"auto\" data-orig-sizes=\"(max-width: 640px) 100vw, 400px\" \/><\/span><\/div><div class=\"fusion-title title fusion-title-3 fusion-sep-none fusion-title-center fusion-title-text fusion-title-size-two\" style=\"--awb-text-color:var(--awb-color6);--awb-margin-top:20px;--awb-font-size:30px;\"><h2 class=\"fusion-title-heading title-heading-center fusion-responsive-typography-calculated\" style=\"margin:0;font-size:1em;--fontSize:30;line-height:1.16;\">Danika Michel<\/h2><\/div><div class=\"fusion-separator\" style=\"align-self: center;margin-left: auto;margin-right: auto;margin-bottom:20px;width:100%;max-width:70%;\"><div class=\"fusion-separator-border sep-single sep-solid\" style=\"--awb-height:20px;--awb-amount:20px;--awb-sep-color:var(--awb-color2);border-color:var(--awb-color2);border-top-width:1px;\"><\/div><\/div><div class=\"fusion-text fusion-text-3 fusion-text-no-margin\" style=\"--awb-content-alignment:center;--awb-font-size:17px;--awb-letter-spacing:var(--awb-typography2-letter-spacing);--awb-text-transform:var(--awb-typography2-text-transform);--awb-text-color:var(--awb-color5);--awb-margin-bottom:20px;--awb-text-font-family:var(--awb-typography2-font-family);--awb-text-font-weight:var(--awb-typography2-font-weight);--awb-text-font-style:var(--awb-typography2-font-style);\"><p>COORDINADORA DE VENTAS Y ADMINISTRACI\u00d3N<\/p>\n<\/div><\/div><\/div><div class=\"fusion-layout-column fusion_builder_column fusion-builder-column-4 fusion_builder_column_1_4 1_4 fusion-flex-column fusion-no-small-visibility fusion-no-medium-visibility fusion-column-inner-bg-wrapper fusion-column-hover-type-liftup fusion-column-liftup-border fusion-animated\" style=\"--awb-padding-top:20px;--awb-padding-right:15px;--awb-padding-bottom:20px;--awb-padding-left:15px;--awb-overflow:hidden;--awb-inner-bg-size:cover;--awb-border-color:var(--awb-color6);--awb-inner-border-color:var(--awb-color6);--awb-border-color-hover:var(--awb-custom_color_1);--awb-inner-border-color-hover:var(--awb-custom_color_1);--awb-border-style:solid;--awb-inner-border-style:solid;--awb-border-radius:8px 8px 8px 8px;--awb-liftup-border-radius:8px 8px 8px 8px;--awb-width-large:25%;--awb-margin-top-large:0px;--awb-spacing-right-large:7.68%;--awb-margin-bottom-large:20px;--awb-spacing-left-large:7.68%;--awb-width-medium:25%;--awb-order-medium:0;--awb-spacing-right-medium:7.68%;--awb-spacing-left-medium:7.68%;--awb-width-small:100%;--awb-order-small:0;--awb-spacing-right-small:1.92%;--awb-spacing-left-small:1.92%;\" data-animationType=\"fadeInUp\" data-animationDuration=\"1.0\" data-animationOffset=\"top-into-view\" data-scroll-devices=\"small-visibility,medium-visibility,large-visibility\"><span class=\"fusion-column-inner-bg hover-type-liftup\"><span class=\"fusion-column-anchor\"><span class=\"fusion-column-inner-bg-image\"><\/span><\/span><\/span><div class=\"fusion-column-wrapper fusion-flex-justify-content-space-between fusion-content-layout-column\"><\/div><\/div><\/div><\/div><\/p>\n","protected":false},"excerpt":{"rendered":"","protected":false},"author":1,"featured_media":0,"parent":0,"menu_order":0,"comment_status":"closed","ping_status":"closed","template":"100-width.php","meta":{"footnotes":""},"class_list":["post-2439","page","type-page","status-publish","hentry"],"yoast_head":"<!-- This site is optimized with the Yoast SEO plugin v23.1 - https:\/\/yoast.com\/wordpress\/plugins\/seo\/ -->\n<title>Xponencia | Nuestro Equipo - Xponencia<\/title>\n<meta name=\"description\" content=\"Xponencia est\u00e1 conformado por un equipo de especialistas que ayudan a impulsar sus ventas mediante la creaci\u00f3n de soluciones personalizadas que respaldan su misi\u00f3n \u00fanica.\" \/>\n<meta name=\"robots\" content=\"index, follow, max-snippet:-1, max-image-preview:large, max-video-preview:-1\" \/>\n<link rel=\"canonical\" href=\"https:\/\/xponencia.ca\/es\/xponencia-nuestro-equipo\/\" \/>\n<meta property=\"og:locale\" content=\"es_ES\" \/>\n<meta property=\"og:type\" content=\"article\" \/>\n<meta property=\"og:title\" content=\"Xponencia | Nuestro Equipo - Xponencia\" \/>\n<meta property=\"og:description\" content=\"Xponencia est\u00e1 conformado por un equipo de especialistas que ayudan a impulsar sus ventas mediante la creaci\u00f3n de soluciones personalizadas que respaldan su misi\u00f3n \u00fanica.\" \/>\n<meta property=\"og:url\" content=\"https:\/\/xponencia.ca\/es\/xponencia-nuestro-equipo\/\" \/>\n<meta property=\"og:site_name\" content=\"Xponencia\" \/>\n<meta property=\"article:modified_time\" content=\"2024-02-07T11:45:10+00:00\" \/>\n<meta name=\"twitter:card\" content=\"summary_large_image\" \/>\n<meta name=\"twitter:label1\" content=\"Tiempo de lectura\" \/>\n\t<meta name=\"twitter:data1\" content=\"27 minutos\" \/>\n<script type=\"application\/ld+json\" class=\"yoast-schema-graph\">{\"@context\":\"https:\/\/schema.org\",\"@graph\":[{\"@type\":\"WebPage\",\"@id\":\"https:\/\/xponencia.ca\/es\/xponencia-nuestro-equipo\/\",\"url\":\"https:\/\/xponencia.ca\/es\/xponencia-nuestro-equipo\/\",\"name\":\"Xponencia | Nuestro Equipo - Xponencia\",\"isPartOf\":{\"@id\":\"https:\/\/xponencia.ca\/es\/#website\"},\"datePublished\":\"2023-11-15T04:20:33+00:00\",\"dateModified\":\"2024-02-07T11:45:10+00:00\",\"description\":\"Xponencia est\u00e1 conformado por un equipo de especialistas que ayudan a impulsar sus ventas mediante la creaci\u00f3n de soluciones personalizadas que respaldan su misi\u00f3n \u00fanica.\",\"breadcrumb\":{\"@id\":\"https:\/\/xponencia.ca\/es\/xponencia-nuestro-equipo\/#breadcrumb\"},\"inLanguage\":\"es\",\"potentialAction\":[{\"@type\":\"ReadAction\",\"target\":[\"https:\/\/xponencia.ca\/es\/xponencia-nuestro-equipo\/\"]}]},{\"@type\":\"BreadcrumbList\",\"@id\":\"https:\/\/xponencia.ca\/es\/xponencia-nuestro-equipo\/#breadcrumb\",\"itemListElement\":[{\"@type\":\"ListItem\",\"position\":1,\"name\":\"Accueil\",\"item\":\"https:\/\/xponencia.ca\/es\/xponencia-impulsamos-sus-ventas\/\"},{\"@type\":\"ListItem\",\"position\":2,\"name\":\"Xponencia | Nuestro Equipo\"}]},{\"@type\":\"WebSite\",\"@id\":\"https:\/\/xponencia.ca\/es\/#website\",\"url\":\"https:\/\/xponencia.ca\/es\/\",\"name\":\"Xponencia\",\"description\":\"Nous propulsons vos ventes en cr\u00e9ant des solutions personnalis\u00e9es qui supportent votre mission unique.\",\"potentialAction\":[{\"@type\":\"SearchAction\",\"target\":{\"@type\":\"EntryPoint\",\"urlTemplate\":\"https:\/\/xponencia.ca\/es\/?s={search_term_string}\"},\"query-input\":\"required name=search_term_string\"}],\"inLanguage\":\"es\"}]}<\/script>\n<!-- \/ Yoast SEO plugin. -->","yoast_head_json":{"title":"Xponencia | Nuestro Equipo - Xponencia","description":"Xponencia est\u00e1 conformado por un equipo de especialistas que ayudan a impulsar sus ventas mediante la creaci\u00f3n de soluciones personalizadas que respaldan su misi\u00f3n \u00fanica.","robots":{"index":"index","follow":"follow","max-snippet":"max-snippet:-1","max-image-preview":"max-image-preview:large","max-video-preview":"max-video-preview:-1"},"canonical":"https:\/\/xponencia.ca\/es\/xponencia-nuestro-equipo\/","og_locale":"es_ES","og_type":"article","og_title":"Xponencia | Nuestro Equipo - Xponencia","og_description":"Xponencia est\u00e1 conformado por un equipo de especialistas que ayudan a impulsar sus ventas mediante la creaci\u00f3n de soluciones personalizadas que respaldan su misi\u00f3n \u00fanica.","og_url":"https:\/\/xponencia.ca\/es\/xponencia-nuestro-equipo\/","og_site_name":"Xponencia","article_modified_time":"2024-02-07T11:45:10+00:00","twitter_card":"summary_large_image","twitter_misc":{"Tiempo de lectura":"27 minutos"},"schema":{"@context":"https:\/\/schema.org","@graph":[{"@type":"WebPage","@id":"https:\/\/xponencia.ca\/es\/xponencia-nuestro-equipo\/","url":"https:\/\/xponencia.ca\/es\/xponencia-nuestro-equipo\/","name":"Xponencia | Nuestro Equipo - Xponencia","isPartOf":{"@id":"https:\/\/xponencia.ca\/es\/#website"},"datePublished":"2023-11-15T04:20:33+00:00","dateModified":"2024-02-07T11:45:10+00:00","description":"Xponencia est\u00e1 conformado por un equipo de especialistas que ayudan a impulsar sus ventas mediante la creaci\u00f3n de soluciones personalizadas que respaldan su misi\u00f3n \u00fanica.","breadcrumb":{"@id":"https:\/\/xponencia.ca\/es\/xponencia-nuestro-equipo\/#breadcrumb"},"inLanguage":"es","potentialAction":[{"@type":"ReadAction","target":["https:\/\/xponencia.ca\/es\/xponencia-nuestro-equipo\/"]}]},{"@type":"BreadcrumbList","@id":"https:\/\/xponencia.ca\/es\/xponencia-nuestro-equipo\/#breadcrumb","itemListElement":[{"@type":"ListItem","position":1,"name":"Accueil","item":"https:\/\/xponencia.ca\/es\/xponencia-impulsamos-sus-ventas\/"},{"@type":"ListItem","position":2,"name":"Xponencia | Nuestro Equipo"}]},{"@type":"WebSite","@id":"https:\/\/xponencia.ca\/es\/#website","url":"https:\/\/xponencia.ca\/es\/","name":"Xponencia","description":"Nous propulsons vos ventes en cr\u00e9ant des solutions personnalis\u00e9es qui supportent votre mission unique.","potentialAction":[{"@type":"SearchAction","target":{"@type":"EntryPoint","urlTemplate":"https:\/\/xponencia.ca\/es\/?s={search_term_string}"},"query-input":"required name=search_term_string"}],"inLanguage":"es"}]}},"_links":{"self":[{"href":"https:\/\/xponencia.ca\/es\/wp-json\/wp\/v2\/pages\/2439"}],"collection":[{"href":"https:\/\/xponencia.ca\/es\/wp-json\/wp\/v2\/pages"}],"about":[{"href":"https:\/\/xponencia.ca\/es\/wp-json\/wp\/v2\/types\/page"}],"author":[{"embeddable":true,"href":"https:\/\/xponencia.ca\/es\/wp-json\/wp\/v2\/users\/1"}],"replies":[{"embeddable":true,"href":"https:\/\/xponencia.ca\/es\/wp-json\/wp\/v2\/comments?post=2439"}],"version-history":[{"count":4,"href":"https:\/\/xponencia.ca\/es\/wp-json\/wp\/v2\/pages\/2439\/revisions"}],"predecessor-version":[{"id":2449,"href":"https:\/\/xponencia.ca\/es\/wp-json\/wp\/v2\/pages\/2439\/revisions\/2449"}],"wp:attachment":[{"href":"https:\/\/xponencia.ca\/es\/wp-json\/wp\/v2\/media?parent=2439"}],"curies":[{"name":"wp","href":"https:\/\/api.w.org\/{rel}","templated":true}]}}